{"id":685,"date":"2020-08-12T07:53:28","date_gmt":"2020-08-12T06:53:28","guid":{"rendered":"http:\/\/wepfilms.com\/jets-initiative\/"},"modified":"2025-03-05T16:45:01","modified_gmt":"2025-03-05T16:45:01","slug":"jets-initiative","status":"publish","type":"page","link":"https:\/\/wepfilms.com\/de\/jets-initiative\/","title":{"rendered":"JETS Initiative"},"content":{"rendered":"<div id=\"cs-content\" class=\"cs-content\"><\/div>\n","protected":false},"excerpt":{"rendered":"<p>JETS Initiative Die JETS Initiative (Junior Entertainment Talent Slate) ist die gemeinsame Bem\u00fchung der Film- und Fernsehindustrie, der staatlichen Filmf\u00f6rderungsorganisationen und des privaten Investmentsektors, um Ko-Produktionsm\u00f6glichkeiten f\u00fcr die ausgew\u00e4hlten anstrebenden Projekte zu schaffen. Neben der &#8230; <a href=\"https:\/\/wepfilms.com\/de\/jets-initiative\/\" class=\"more-link\">Read More<\/a><\/p>\n","protected":false},"author":2,"featured_media":0,"parent":0,"menu_order":0,"comment_status":"closed","ping_status":"open","template":"template-blank-4.php","meta":{"footnotes":""},"class_list":["post-685","page","type-page","status-publish","hentry","no-post-thumbnail"],"_links":{"self":[{"href":"https:\/\/wepfilms.com\/de\/wp-json\/wp\/v2\/pages\/685","targetHints":{"allow":["GET"]}}],"collection":[{"href":"https:\/\/wepfilms.com\/de\/wp-json\/wp\/v2\/pages"}],"about":[{"href":"https:\/\/wepfilms.com\/de\/wp-json\/wp\/v2\/types\/page"}],"author":[{"embeddable":true,"href":"https:\/\/wepfilms.com\/de\/wp-json\/wp\/v2\/users\/2"}],"replies":[{"embeddable":true,"href":"https:\/\/wepfilms.com\/de\/wp-json\/wp\/v2\/comments?post=685"}],"version-history":[{"count":0,"href":"https:\/\/wepfilms.com\/de\/wp-json\/wp\/v2\/pages\/685\/revisions"}],"wp:attachment":[{"href":"https:\/\/wepfilms.com\/de\/wp-json\/wp\/v2\/media?parent=685"}],"curies":[{"name":"wp","href":"https:\/\/api.w.org\/{rel}","templated":true}]}}