{"id":829,"date":"2020-08-12T14:50:24","date_gmt":"2020-08-12T13:50:24","guid":{"rendered":"http:\/\/wepfilms.com\/impressum\/"},"modified":"2020-08-12T14:50:24","modified_gmt":"2020-08-12T13:50:24","slug":"impressum","status":"publish","type":"page","link":"https:\/\/wepfilms.com\/de\/impressum\/","title":{"rendered":"Impressum"},"content":{"rendered":"<h1>Impressum<\/h1>\n<p>WEP Productions<br \/>\nWilliam Peschek<br \/>\nSchiessrain 18<br \/>\n61194 Niddatal<br \/>\nGermany<\/p>\n<p>Tel: +49 6034 4028019<br \/>\nE-Mail: info@wepfilms.com<\/p>\n<p>Umsatzsteuer-Indentifikationsnummer: DE231287547<\/p>\n<p>Inhaltlich Verantwortlicher: William Peschek (Anschrift siehe oben)<\/p>\n<p>Haftungshinweis: Trotz sorgf\u00e4ltiger inhaltlicher Kontrolle \u00fcbernehmen wir keine Haftung f\u00fcr die Inhalte externer Links. F\u00fcr den Inhalt der verlinkten Seiten sind ausschlie\u00dflich deren Betreiber verantwortlich.<\/p>\n<p>Urheberrechtshinweis: Alle Nutzungsrechte auf das Video-, Audio, Text-, und Bildmaterial liegen bei uns. Alle Urheberrechte obliegen den jeweiligen Kreativen falls nicht anderweitig vertraglich abgetreten und werden wo m\u00f6glich namentlich erw\u00e4hnt. Bitte fragen Sie uns bevor Sie die Inhalte dieser Website verbreiten, vervielf\u00e4ltigen oder verwerten wie zum Beispiel auf anderen Websites erneut ver\u00f6ffentlichen. Falls notwendig, werden wir die unerlaubte Nutzung von Teilen der Inhalte unserer Seite rechtlich verfolgen.<\/p>\n<h2>Impressum<\/h2>\n<p>JETS Filmverleih &amp; Vertrieb (Distribution)<br \/>\nSchiessrain 18<br \/>\n61194 Niddatal<br \/>\nGermany<\/p>\n<p>Tel: +49 6034 4028019<br \/>\nE-Mail: info@jetsdibu.com<\/p>\n<p>Umsatzsteuer-Indentifikationsnummer: DE329115491<\/p>\n<p>Inhaltlich Verantwortlicher: William Peschek (Anschrift siehe oben)<\/p>\n<p>Haftungshinweis: Trotz sorgf\u00e4ltiger inhaltlicher Kontrolle \u00fcbernehmen wir keine Haftung f\u00fcr die Inhalte externer Links. F\u00fcr den Inhalt der verlinkten Seiten sind ausschlie\u00dflich deren Betreiber verantwortlich.<\/p>\n<p>Urheberrechtshinweis: Alle Nutzungsrechte auf das Video-, Audio, Text-, und Bildmaterial liegen bei uns. Alle Urheberrechte obliegen den jeweiligen Kreativen falls nicht anderweitig vertraglich abgetreten und werden wo m\u00f6glich namentlich erw\u00e4hnt. Bitte fragen Sie uns bevor Sie die Inhalte dieser Website verbreiten, vervielf\u00e4ltigen oder verwerten wie zum Beispiel auf anderen Websites erneut ver\u00f6ffentlichen. Falls notwendig, werden wir die unerlaubte Nutzung von Teilen der Inhalte unserer Seite rechtlich verfolgen.<\/p>\n<p>Sollten Sie auf dieser Webseite Inhalte finden, die das Urheberrecht verletzen, bitten wir Sie uns zu kontaktieren.<\/p>\n","protected":false},"excerpt":{"rendered":"<p>Impressum WEP Productions William Peschek Schiessrain 18 61194 Niddatal Germany Tel: +49 6034 4028019 E-Mail: info@wepfilms.com Umsatzsteuer-Indentifikationsnummer: DE231287547 Inhaltlich Verantwortlicher: William Peschek (Anschrift siehe oben) Haftungshinweis: Trotz sorgf\u00e4ltiger inhaltlicher Kontrolle \u00fcbernehmen wir keine Haftung f\u00fcr &#8230; <a href=\"https:\/\/wepfilms.com\/de\/impressum\/\" class=\"more-link\">Read More<\/a><\/p>\n","protected":false},"author":2,"featured_media":0,"parent":0,"menu_order":0,"comment_status":"closed","ping_status":"closed","template":"template-blank-1.php","meta":{"footnotes":""},"class_list":["post-829","page","type-page","status-publish","hentry","no-post-thumbnail"],"_links":{"self":[{"href":"https:\/\/wepfilms.com\/de\/wp-json\/wp\/v2\/pages\/829","targetHints":{"allow":["GET"]}}],"collection":[{"href":"https:\/\/wepfilms.com\/de\/wp-json\/wp\/v2\/pages"}],"about":[{"href":"https:\/\/wepfilms.com\/de\/wp-json\/wp\/v2\/types\/page"}],"author":[{"embeddable":true,"href":"https:\/\/wepfilms.com\/de\/wp-json\/wp\/v2\/users\/2"}],"replies":[{"embeddable":true,"href":"https:\/\/wepfilms.com\/de\/wp-json\/wp\/v2\/comments?post=829"}],"version-history":[{"count":0,"href":"https:\/\/wepfilms.com\/de\/wp-json\/wp\/v2\/pages\/829\/revisions"}],"wp:attachment":[{"href":"https:\/\/wepfilms.com\/de\/wp-json\/wp\/v2\/media?parent=829"}],"curies":[{"name":"wp","href":"https:\/\/api.w.org\/{rel}","templated":true}]}}