{"id":832,"date":"2020-08-12T14:56:40","date_gmt":"2020-08-12T13:56:40","guid":{"rendered":"http:\/\/wepfilms.com\/nutzungsbedingungen\/"},"modified":"2020-08-12T14:56:40","modified_gmt":"2020-08-12T13:56:40","slug":"nutzungsbedingungen","status":"publish","type":"page","link":"https:\/\/wepfilms.com\/de\/nutzungsbedingungen\/","title":{"rendered":"Nutzungsbedingungen"},"content":{"rendered":"<h1>Nutzungsbedingungen<\/h1>\n<h2>Allgemeines<\/h2>\n<p>Diese Nutzungsbedingungen und die gesamten Rechtsbeziehungen zwischen dem jeweiligen Nutzer und der WEP Productions \/ JETS FIlmverelih &amp; Vertrieb (WEP FILMS) unterliegen ausschlie\u00dflich deutschem Recht. Sollten einzelne Bestimmungen der Nutzungsbedingungen ung\u00fcltig sein oder werden, bleibt die G\u00fcltigkeit der \u00fcbrigen Nutzungsbedingungen hiervon unber\u00fchrt. Ung\u00fcltige Bestimmungen sind durch solche zu ersetzen, die unter Ber\u00fccksichtigung der Interessenlage den gew\u00fcnschten wirtschaftlichen Zweck zu erreichen, geeignet sind. Ausschlie\u00dflicher Gerichtsstand f\u00fcr alle Streitigkeiten, die aufgrund dieser Nutzungsvereinbarung zwischen Ihnen und uns entstehen, ist Frankfurt.<\/p>\n<h2>Urheberrecht<\/h2>\n<p>Die \u00fcber die Website der WEP FILMS angebotenen Inhalte sind urheberrechtlich gesch\u00fctzt. Die Website darf ohne Zustimmung von WEP FILMS nicht ver\u00e4ndert, kopiert, wiederver\u00f6ffentlicht, \u00fcbertragen, verbreitet oder gespeichert werden. Die zur Verf\u00fcgung gestellten Inhalte d\u00fcrfen ausschlie\u00dflich zu privaten, nicht kommerziellen Zwecken unter strikter Ber\u00fccksichtigung des geltenden Rechts benutzt werden. Alle s\u00e4mtliche weitergehende Rechte verbleiben bei der WEP FILMS, insbesondere ist die Ver\u00f6ffentlichung und jegliche kommerzielle Nutzung unzul\u00e4ssig.<\/p>\n<h2>Haftung<\/h2>\n<p>Auf dieser Website werden Informationen und Daten sowie mittels Hyperlinks auch Informationen und Daten anderer Websites zur Verf\u00fcgung gestellt. Diese Informationen und Daten dienen allein Informationszwecken. WEP FILMS \u00fcbernimmt keine Gew\u00e4hr im Hinblick auf die Aktualit\u00e4t, Richtigkeit oder Vollst\u00e4ndigkeit der Informationen bzw. Daten.<\/p>\n<p>WEP FILMS haftet nicht f\u00fcr Inhalte auf der Webseite, noch f\u00fcr Sch\u00e4den die daraus entstehen, es sei denn, dass solche Sch\u00e4den von WEP FILMS vors\u00e4tzlich oder grob fahrl\u00e4ssig herbeigef\u00fchrt werden.<\/p>\n<p>Wir weisen Sie hiermit darauf hin, dass wir trotz sorgf\u00e4ltiger Auswahl keinerlei Haftung f\u00fcr die Inhalte \u00fcbernehmen, die \u00fcber externe Links abgerufen werden k\u00f6nnen. F\u00fcr Inhalte, die \u00fcber unsere Website verlinkten Seiten, sind ausschlie\u00dflich deren Betreiber verantwortlich. Wir haben keinen Einfluss auf die Gestaltung dieser Seiten. Dieser Hinweis gilt f\u00fcr alle Seitenaufrufe \u00fcber Links auf unserer Website. Die Nutzung der Links geschieht auf Ihre alleinige Verantwortung.<\/p>\n","protected":false},"excerpt":{"rendered":"<p>Nutzungsbedingungen Allgemeines Diese Nutzungsbedingungen und die gesamten Rechtsbeziehungen zwischen dem jeweiligen Nutzer und der WEP Productions \/ JETS FIlmverelih &amp; Vertrieb (WEP FILMS) unterliegen ausschlie\u00dflich deutschem Recht. Sollten einzelne Bestimmungen der Nutzungsbedingungen ung\u00fcltig sein oder &#8230; <a href=\"https:\/\/wepfilms.com\/de\/nutzungsbedingungen\/\" class=\"more-link\">Read More<\/a><\/p>\n","protected":false},"author":2,"featured_media":0,"parent":0,"menu_order":0,"comment_status":"closed","ping_status":"closed","template":"template-blank-1.php","meta":{"footnotes":""},"class_list":["post-832","page","type-page","status-publish","hentry","no-post-thumbnail"],"_links":{"self":[{"href":"https:\/\/wepfilms.com\/de\/wp-json\/wp\/v2\/pages\/832","targetHints":{"allow":["GET"]}}],"collection":[{"href":"https:\/\/wepfilms.com\/de\/wp-json\/wp\/v2\/pages"}],"about":[{"href":"https:\/\/wepfilms.com\/de\/wp-json\/wp\/v2\/types\/page"}],"author":[{"embeddable":true,"href":"https:\/\/wepfilms.com\/de\/wp-json\/wp\/v2\/users\/2"}],"replies":[{"embeddable":true,"href":"https:\/\/wepfilms.com\/de\/wp-json\/wp\/v2\/comments?post=832"}],"version-history":[{"count":0,"href":"https:\/\/wepfilms.com\/de\/wp-json\/wp\/v2\/pages\/832\/revisions"}],"wp:attachment":[{"href":"https:\/\/wepfilms.com\/de\/wp-json\/wp\/v2\/media?parent=832"}],"curies":[{"name":"wp","href":"https:\/\/api.w.org\/{rel}","templated":true}]}}